{"id":52,"date":"2021-07-14T11:09:47","date_gmt":"2021-07-14T11:09:47","guid":{"rendered":"http:\/\/vivereconsulting.com.br\/?page_id=52"},"modified":"2025-03-26T12:19:59","modified_gmt":"2025-03-26T12:19:59","slug":"home","status":"publish","type":"page","link":"https:\/\/vivereconsulting.com.br\/pt\/","title":{"rendered":"Home"},"content":{"rendered":"<section class=\"wp-block-uagb-section uagb-section__wrap uagb-section__background-image uagb-block-5626744b\"><div class=\"uagb-section__overlay\"><\/div><div class=\"uagb-section__inner-wrap\">\n<div class=\"wp-block-columns is-style-default has-medium-font-size is-layout-flex wp-container-core-columns-is-layout-d7d455e7 wp-block-columns-is-layout-flex\" style=\"padding-top:0;padding-right:0;padding-bottom:0;padding-left:0\">\n<div class=\"wp-block-column is-layout-flow wp-block-column-is-layout-flow\" style=\"flex-basis:100%\">\n<div class=\"wp-block-uagb-info-box uagb-block-bf60d5b2 uagb-infobox__content-wrap  uagb-infobox-icon-above-title uagb-infobox-image-valign-top uagb-infobox__outer-wrap\"><div class=\"uagb-ifb-content\"><div class=\"uagb-ifb-image-content\"><img decoding=\"async\" src=\"http:\/\/vivereconsulting.com.br\/wp-content\/uploads\/2021\/07\/android_phone_white-150x150.png\" alt=\"\" width=\"148\" height=\"148\" loading=\"lazy\"\/><\/div><div class=\"uagb-ifb-title-wrap\"><h1 class=\"uagb-ifb-title\">Vivere Consulting_<\/h1><\/div><p class=\"uagb-ifb-desc\"><br>Nossos consultores especializados oferecem orienta\u00e7\u00e3o abrangente no desenvolvimento de aplica\u00e7\u00f5es m\u00f3veis de alta qualidade para as plataformas Android e iOS. Desde a concep\u00e7\u00e3o at\u00e9 o lan\u00e7amento, ajudamos as empresas a projetar, desenvolver e lan\u00e7ar aplica\u00e7\u00f5es m\u00f3veis bem-sucedidas que atendam \u00e0s suas necessidades e objetivos exclusivos<br><br>Deixe-nos ajud\u00e1-lo a criar experi\u00eancias m\u00f3veis inovadoras e envolventes que impulsionem resultados empresariais<\/p><\/div><\/div>\n<\/div>\n<\/div>\n<\/div><\/section>","protected":false},"excerpt":{"rendered":"","protected":false},"author":1,"featured_media":0,"parent":0,"menu_order":0,"comment_status":"closed","ping_status":"closed","template":"","meta":{"_editorskit_title_hidden":false,"_editorskit_reading_time":1,"_editorskit_is_block_options_detached":false,"_editorskit_block_options_position":"{}","_uag_custom_page_level_css":"","site-sidebar-layout":"no-sidebar","site-content-layout":"page-builder","ast-site-content-layout":"full-width-container","site-content-style":"unboxed","site-sidebar-style":"unboxed","ast-global-header-display":"","ast-banner-title-visibility":"","ast-main-header-display":"","ast-hfb-above-header-display":"","ast-hfb-below-header-display":"","ast-hfb-mobile-header-display":"","site-post-title":"disabled","ast-breadcrumbs-content":"","ast-featured-img":"","footer-sml-layout":"","ast-disable-related-posts":"","theme-transparent-header-meta":"enabled","adv-header-id-meta":"","stick-header-meta":"","header-above-stick-meta":"","header-main-stick-meta":"","header-below-stick-meta":"","astra-migrate-meta-layouts":"set","ast-page-background-enabled":"default","ast-page-background-meta":{"desktop":{"background-color":"","background-image":"","background-repeat":"repeat","background-position":"center center","background-size":"auto","background-attachment":"scroll","background-type":"","background-media":"","overlay-type":"","overlay-color":"","overlay-opacity":"","overlay-gradient":""},"tablet":{"background-color":"","background-image":"","background-repeat":"repeat","background-position":"center center","background-size":"auto","background-attachment":"scroll","background-type":"","background-media":"","overlay-type":"","overlay-color":"","overlay-opacity":"","overlay-gradient":""},"mobile":{"background-color":"","background-image":"","background-repeat":"repeat","background-position":"center center","background-size":"auto","background-attachment":"scroll","background-type":"","background-media":"","overlay-type":"","overlay-color":"","overlay-opacity":"","overlay-gradient":""}},"ast-content-background-meta":{"desktop":{"background-color":"var(--ast-global-color-5)","background-image":"","background-repeat":"repeat","background-position":"center center","background-size":"auto","background-attachment":"scroll","background-type":"","background-media":"","overlay-type":"","overlay-color":"","overlay-opacity":"","overlay-gradient":""},"tablet":{"background-color":"var(--ast-global-color-5)","background-image":"","background-repeat":"repeat","background-position":"center center","background-size":"auto","background-attachment":"scroll","background-type":"","background-media":"","overlay-type":"","overlay-color":"","overlay-opacity":"","overlay-gradient":""},"mobile":{"background-color":"var(--ast-global-color-5)","background-image":"","background-repeat":"repeat","background-position":"center center","background-size":"auto","background-attachment":"scroll","background-type":"","background-media":"","overlay-type":"","overlay-color":"","overlay-opacity":"","overlay-gradient":""}},"footnotes":""},"class_list":["post-52","page","type-page","status-publish","hentry"],"uagb_featured_image_src":{"full":false,"thumbnail":false,"medium":false,"medium_large":false,"large":false,"1536x1536":false,"2048x2048":false,"trp-custom-language-flag":false},"uagb_author_info":{"display_name":"fflpereira","author_link":"https:\/\/vivereconsulting.com.br\/pt\/author\/fflpereira\/"},"uagb_comment_info":0,"uagb_excerpt":null,"_links":{"self":[{"href":"https:\/\/vivereconsulting.com.br\/pt\/wp-json\/wp\/v2\/pages\/52","targetHints":{"allow":["GET"]}}],"collection":[{"href":"https:\/\/vivereconsulting.com.br\/pt\/wp-json\/wp\/v2\/pages"}],"about":[{"href":"https:\/\/vivereconsulting.com.br\/pt\/wp-json\/wp\/v2\/types\/page"}],"author":[{"embeddable":true,"href":"https:\/\/vivereconsulting.com.br\/pt\/wp-json\/wp\/v2\/users\/1"}],"replies":[{"embeddable":true,"href":"https:\/\/vivereconsulting.com.br\/pt\/wp-json\/wp\/v2\/comments?post=52"}],"version-history":[{"count":60,"href":"https:\/\/vivereconsulting.com.br\/pt\/wp-json\/wp\/v2\/pages\/52\/revisions"}],"predecessor-version":[{"id":1085,"href":"https:\/\/vivereconsulting.com.br\/pt\/wp-json\/wp\/v2\/pages\/52\/revisions\/1085"}],"wp:attachment":[{"href":"https:\/\/vivereconsulting.com.br\/pt\/wp-json\/wp\/v2\/media?parent=52"}],"curies":[{"name":"wp","href":"https:\/\/api.w.org\/{rel}","templated":true}]}}