{"id":54,"date":"2021-07-14T11:11:23","date_gmt":"2021-07-14T11:11:23","guid":{"rendered":"http:\/\/vivereconsulting.com.br\/?page_id=54"},"modified":"2026-02-25T17:07:50","modified_gmt":"2026-02-25T17:07:50","slug":"projects","status":"publish","type":"page","link":"https:\/\/vivereconsulting.com.br\/pt\/projects\/","title":{"rendered":"Projetos"},"content":{"rendered":"<section class=\"wp-block-uagb-section uagb-section__wrap uagb-section__background-image uagb-block-32f4d779\"><div class=\"uagb-section__overlay\"><\/div><div class=\"uagb-section__inner-wrap\">\n<section class=\"wp-block-uagb-columns uagb-columns__wrap uagb-columns__background-color uagb-columns__stack-tablet uagb-columns__valign- uagb-columns__gap-10 alignwide uagb-block-cffbcb02 uagb-columns__columns-3 uagb-columns__max_width-theme\"><div class=\"uagb-columns__overlay\"><\/div><div class=\"uagb-columns__inner-wrap uagb-columns__columns-3\">\n<div class=\"wp-block-uagb-column uagb-column__wrap uagb-column__background-undefined uagb-block-23d09544\"><div class=\"uagb-column__overlay\"><\/div>\n<p class=\"has-text-align-justify has-white-color has-text-color has-mobile-text-align-justify\"><br>Desenvolvemos aplicativos utilizando tanto linguagens nativas quanto tecnologias multiplataforma, sempre alinhando a escolha \u00e0 estrat\u00e9gia e \u00e0s necessidades espec\u00edficas de cada cliente. Essa flexibilidade nos permite entregar solu\u00e7\u00f5es de alta performance, com excelente experi\u00eancia de uso e total ader\u00eancia aos objetivos do projeto.<\/p>\n<\/div>\n\n\n\n<div class=\"wp-block-uagb-column uagb-column__wrap uagb-column__background-none uagb-block-30d184ed\"><div class=\"uagb-column__overlay\"><\/div>\n<figure class=\"wp-block-image aligncenter size-full is-style-default\"><img loading=\"lazy\" decoding=\"async\" width=\"1024\" height=\"1024\" src=\"https:\/\/vivereconsulting.com.br\/wp-content\/uploads\/2026\/02\/apple_white_logo.png\" alt=\"\" class=\"wp-image-1160\" srcset=\"https:\/\/vivereconsulting.com.br\/wp-content\/uploads\/2026\/02\/apple_white_logo.png 1024w, https:\/\/vivereconsulting.com.br\/wp-content\/uploads\/2026\/02\/apple_white_logo-300x300.png 300w, https:\/\/vivereconsulting.com.br\/wp-content\/uploads\/2026\/02\/apple_white_logo-150x150.png 150w, https:\/\/vivereconsulting.com.br\/wp-content\/uploads\/2026\/02\/apple_white_logo-768x768.png 768w, https:\/\/vivereconsulting.com.br\/wp-content\/uploads\/2026\/02\/apple_white_logo-12x12.png 12w\" sizes=\"auto, (max-width: 1024px) 100vw, 1024px\" \/><\/figure>\n<\/div>\n\n\n\n<div class=\"wp-block-uagb-column uagb-column__wrap uagb-column__background-none uagb-block-d9557065\"><div class=\"uagb-column__overlay\"><\/div>\n<figure class=\"wp-block-gallery has-nested-images columns-default is-cropped wp-block-gallery-1 is-layout-flex wp-block-gallery-is-layout-flex\">\n<figure class=\"wp-block-image size-full\"><img loading=\"lazy\" decoding=\"async\" width=\"1024\" height=\"1024\" data-id=\"1161\" src=\"https:\/\/vivereconsulting.com.br\/wp-content\/uploads\/2026\/02\/android_white_logo.png\" alt=\"\" class=\"wp-image-1161\" srcset=\"https:\/\/vivereconsulting.com.br\/wp-content\/uploads\/2026\/02\/android_white_logo.png 1024w, https:\/\/vivereconsulting.com.br\/wp-content\/uploads\/2026\/02\/android_white_logo-300x300.png 300w, https:\/\/vivereconsulting.com.br\/wp-content\/uploads\/2026\/02\/android_white_logo-150x150.png 150w, https:\/\/vivereconsulting.com.br\/wp-content\/uploads\/2026\/02\/android_white_logo-768x768.png 768w, https:\/\/vivereconsulting.com.br\/wp-content\/uploads\/2026\/02\/android_white_logo-12x12.png 12w\" sizes=\"auto, (max-width: 1024px) 100vw, 1024px\" \/><\/figure>\n<\/figure>\n<\/div>\n<\/div><\/section>\n\n\n\n<section class=\"wp-block-uagb-columns uagb-columns__wrap uagb-columns__background-color uagb-columns__stack-mobile uagb-columns__valign-center uagb-columns__gap-10 align uagb-block-79fb3782 uagb-columns__columns-2 uagb-columns__max_width-theme\"><div class=\"uagb-columns__overlay\"><\/div><div class=\"uagb-columns__inner-wrap uagb-columns__columns-2\">\n<div class=\"wp-block-uagb-column uagb-column__wrap uagb-column__background-undefined uagb-block-839fbc5d\"><div class=\"uagb-column__overlay\"><\/div>\n<p class=\"has-white-color has-text-color\" style=\"font-size:26px\"><strong>PDF Pilot iOS | Your PDFs 100% offline<\/strong><\/p>\n<\/div>\n\n\n\n<div class=\"wp-block-uagb-column uagb-column__wrap uagb-column__background-image uagb-block-d85195b5\"><div class=\"uagb-column__overlay\"><\/div>\n<figure class=\"wp-block-image aligncenter size-full is-resized\" id=\"https:\/\/apps.apple.com\/us\/app\/pdf-pilot\/id6759387735\"><img loading=\"lazy\" decoding=\"async\" width=\"1024\" height=\"1024\" src=\"https:\/\/vivereconsulting.com.br\/wp-content\/uploads\/2026\/02\/splash_image-1.png\" alt=\"\" class=\"wp-image-1168\" style=\"width:100px\" srcset=\"https:\/\/vivereconsulting.com.br\/wp-content\/uploads\/2026\/02\/splash_image-1.png 1024w, https:\/\/vivereconsulting.com.br\/wp-content\/uploads\/2026\/02\/splash_image-1-300x300.png 300w, https:\/\/vivereconsulting.com.br\/wp-content\/uploads\/2026\/02\/splash_image-1-150x150.png 150w, https:\/\/vivereconsulting.com.br\/wp-content\/uploads\/2026\/02\/splash_image-1-768x768.png 768w, https:\/\/vivereconsulting.com.br\/wp-content\/uploads\/2026\/02\/splash_image-1-12x12.png 12w\" sizes=\"auto, (max-width: 1024px) 100vw, 1024px\" \/><\/figure>\n<\/div>\n<\/div><\/section>\n\n\n\n<section class=\"wp-block-uagb-columns uagb-columns__wrap uagb-columns__background-color uagb-columns__stack-mobile uagb-columns__valign- uagb-columns__gap-10 align uagb-block-e0153d24 uagb-columns__columns-1 uagb-columns__max_width-theme\"><div class=\"uagb-columns__overlay\"><\/div><div class=\"uagb-columns__inner-wrap uagb-columns__columns-1\">\n<div class=\"wp-block-uagb-column uagb-column__wrap uagb-column__background-undefined uagb-block-c2cb786d\"><div class=\"uagb-column__overlay\"><\/div><\/div>\n<\/div><\/section>\n\n\n\n<section class=\"wp-block-uagb-columns uagb-columns__wrap uagb-columns__background-color uagb-columns__stack-mobile uagb-columns__valign- uagb-columns__gap-10 align uagb-block-13b52b83 uagb-columns__columns-4 uagb-columns__max_width-theme\"><div class=\"uagb-columns__overlay\"><\/div><div class=\"uagb-columns__inner-wrap uagb-columns__columns-4\">\n<div class=\"wp-block-uagb-column uagb-column__wrap uagb-column__background-none uagb-block-024084f2\"><div class=\"uagb-column__overlay\"><\/div>\n<figure class=\"wp-block-image size-large\"><img loading=\"lazy\" decoding=\"async\" width=\"473\" height=\"1024\" src=\"https:\/\/vivereconsulting.com.br\/wp-content\/uploads\/2026\/02\/Simulator-Screenshot-iPhone-17-Pro-Max-2026-02-25-at-08.42.03-2-473x1024.png\" alt=\"\" class=\"wp-image-1156\" srcset=\"https:\/\/vivereconsulting.com.br\/wp-content\/uploads\/2026\/02\/Simulator-Screenshot-iPhone-17-Pro-Max-2026-02-25-at-08.42.03-2-473x1024.png 473w, https:\/\/vivereconsulting.com.br\/wp-content\/uploads\/2026\/02\/Simulator-Screenshot-iPhone-17-Pro-Max-2026-02-25-at-08.42.03-2-139x300.png 139w, https:\/\/vivereconsulting.com.br\/wp-content\/uploads\/2026\/02\/Simulator-Screenshot-iPhone-17-Pro-Max-2026-02-25-at-08.42.03-2-768x1662.png 768w, https:\/\/vivereconsulting.com.br\/wp-content\/uploads\/2026\/02\/Simulator-Screenshot-iPhone-17-Pro-Max-2026-02-25-at-08.42.03-2-710x1536.png 710w, https:\/\/vivereconsulting.com.br\/wp-content\/uploads\/2026\/02\/Simulator-Screenshot-iPhone-17-Pro-Max-2026-02-25-at-08.42.03-2-6x12.png 6w, https:\/\/vivereconsulting.com.br\/wp-content\/uploads\/2026\/02\/Simulator-Screenshot-iPhone-17-Pro-Max-2026-02-25-at-08.42.03-2.png 887w\" sizes=\"auto, (max-width: 473px) 100vw, 473px\" \/><\/figure>\n<\/div>\n\n\n\n<div class=\"wp-block-uagb-column uagb-column__wrap uagb-column__background-none uagb-block-168ade9a\"><div class=\"uagb-column__overlay\"><\/div>\n<figure class=\"wp-block-image aligncenter size-large\"><img loading=\"lazy\" decoding=\"async\" width=\"473\" height=\"1024\" src=\"https:\/\/vivereconsulting.com.br\/wp-content\/uploads\/2026\/02\/Simulator-Screenshot-iPhone-17-Pro-2026-02-20-at-14.33.22-1-473x1024.png\" alt=\"\" class=\"wp-image-1155\" srcset=\"https:\/\/vivereconsulting.com.br\/wp-content\/uploads\/2026\/02\/Simulator-Screenshot-iPhone-17-Pro-2026-02-20-at-14.33.22-1-473x1024.png 473w, https:\/\/vivereconsulting.com.br\/wp-content\/uploads\/2026\/02\/Simulator-Screenshot-iPhone-17-Pro-2026-02-20-at-14.33.22-1-139x300.png 139w, https:\/\/vivereconsulting.com.br\/wp-content\/uploads\/2026\/02\/Simulator-Screenshot-iPhone-17-Pro-2026-02-20-at-14.33.22-1-768x1662.png 768w, https:\/\/vivereconsulting.com.br\/wp-content\/uploads\/2026\/02\/Simulator-Screenshot-iPhone-17-Pro-2026-02-20-at-14.33.22-1-710x1536.png 710w, https:\/\/vivereconsulting.com.br\/wp-content\/uploads\/2026\/02\/Simulator-Screenshot-iPhone-17-Pro-2026-02-20-at-14.33.22-1-6x12.png 6w, https:\/\/vivereconsulting.com.br\/wp-content\/uploads\/2026\/02\/Simulator-Screenshot-iPhone-17-Pro-2026-02-20-at-14.33.22-1.png 887w\" sizes=\"auto, (max-width: 473px) 100vw, 473px\" \/><\/figure>\n<\/div>\n\n\n\n<div class=\"wp-block-uagb-column uagb-column__wrap uagb-column__background-none uagb-block-7815496f\"><div class=\"uagb-column__overlay\"><\/div>\n<figure class=\"wp-block-gallery has-nested-images columns-default is-cropped wp-block-gallery-2 is-layout-flex wp-block-gallery-is-layout-flex\">\n<figure class=\"wp-block-image aligncenter size-full\"><img loading=\"lazy\" decoding=\"async\" width=\"887\" height=\"1920\" data-id=\"1139\" src=\"https:\/\/vivereconsulting.com.br\/wp-content\/uploads\/2026\/02\/Simulator-Screenshot-iPhone-17-Pro-2026-02-20-at-15.05.14-1.png\" alt=\"\" class=\"wp-image-1139\" srcset=\"https:\/\/vivereconsulting.com.br\/wp-content\/uploads\/2026\/02\/Simulator-Screenshot-iPhone-17-Pro-2026-02-20-at-15.05.14-1.png 887w, https:\/\/vivereconsulting.com.br\/wp-content\/uploads\/2026\/02\/Simulator-Screenshot-iPhone-17-Pro-2026-02-20-at-15.05.14-1-139x300.png 139w, https:\/\/vivereconsulting.com.br\/wp-content\/uploads\/2026\/02\/Simulator-Screenshot-iPhone-17-Pro-2026-02-20-at-15.05.14-1-473x1024.png 473w, https:\/\/vivereconsulting.com.br\/wp-content\/uploads\/2026\/02\/Simulator-Screenshot-iPhone-17-Pro-2026-02-20-at-15.05.14-1-768x1662.png 768w, https:\/\/vivereconsulting.com.br\/wp-content\/uploads\/2026\/02\/Simulator-Screenshot-iPhone-17-Pro-2026-02-20-at-15.05.14-1-710x1536.png 710w, https:\/\/vivereconsulting.com.br\/wp-content\/uploads\/2026\/02\/Simulator-Screenshot-iPhone-17-Pro-2026-02-20-at-15.05.14-1-6x12.png 6w\" sizes=\"auto, (max-width: 887px) 100vw, 887px\" \/><\/figure>\n<\/figure>\n<\/div>\n\n\n\n<div class=\"wp-block-uagb-column uagb-column__wrap uagb-column__background-undefined uagb-block-e16dc147\"><div class=\"uagb-column__overlay\"><\/div>\n<p class=\"has-text-align-justify has-white-color has-text-color has-mobile-text-align-justify\">PDF Pilot is the simplest and most efficient way to create PDFs directly on your device. Convert images into professional documents in seconds, with no ads, no hassle, and no uploading to the cloud. Everything happens locally, ensuring security and privacy.<\/p>\n<\/div>\n<\/div><\/section>\n\n\n\n<section class=\"wp-block-uagb-columns uagb-columns__wrap uagb-columns__background-color uagb-columns__stack-mobile uagb-columns__valign- uagb-columns__gap-10 align uagb-block-6e40d6d4 uagb-columns__columns-2 uagb-columns__max_width-theme\"><div class=\"uagb-columns__overlay\"><\/div><div class=\"uagb-columns__inner-wrap uagb-columns__columns-2\">\n<div class=\"wp-block-uagb-column uagb-column__wrap uagb-column__background-undefined uagb-block-f18c3d7b\"><div class=\"uagb-column__overlay\"><\/div>\n<p class=\"has-white-color has-text-color\">\u2022 Convert images to PDF<br>\u2022 Convert PDF to images<br>\u2022 100% offline processing<br>\u2022 Fast and minimalist interface<br>\u2022 Professional quality<br>\u2022 No ads<\/p>\n<\/div>\n\n\n\n<div class=\"wp-block-uagb-column uagb-column__wrap uagb-column__background-image uagb-block-4b300d69\"><div class=\"uagb-column__overlay\"><\/div>\n<figure class=\"wp-block-image size-full\" style=\"margin-top:10px;margin-bottom:10px\"><a href=\"https:\/\/apps.apple.com\/us\/app\/pdf-pilot\/id6759387735\"><img loading=\"lazy\" decoding=\"async\" width=\"960\" height=\"285\" src=\"https:\/\/vivereconsulting.com.br\/wp-content\/uploads\/2026\/02\/app_store-2.png\" alt=\"\" class=\"wp-image-1181\" style=\"object-fit:cover\" srcset=\"https:\/\/vivereconsulting.com.br\/wp-content\/uploads\/2026\/02\/app_store-2.png 960w, https:\/\/vivereconsulting.com.br\/wp-content\/uploads\/2026\/02\/app_store-2-300x89.png 300w, https:\/\/vivereconsulting.com.br\/wp-content\/uploads\/2026\/02\/app_store-2-768x228.png 768w, https:\/\/vivereconsulting.com.br\/wp-content\/uploads\/2026\/02\/app_store-2-18x5.png 18w\" sizes=\"auto, (max-width: 960px) 100vw, 960px\" \/><\/a><\/figure>\n<\/div>\n<\/div><\/section>\n\n\n\n<div style=\"height:100px\" aria-hidden=\"true\" class=\"wp-block-spacer\"><\/div>\n\n\n\n<section class=\"wp-block-uagb-columns uagb-columns__wrap uagb-columns__background-color uagb-columns__stack-mobile uagb-columns__valign-center uagb-columns__gap-10 align uagb-block-943261eb uagb-columns__columns-2 uagb-columns__max_width-theme\"><div class=\"uagb-columns__overlay\"><\/div><div class=\"uagb-columns__inner-wrap uagb-columns__columns-2\">\n<div class=\"wp-block-uagb-column uagb-column__wrap uagb-column__background-undefined uagb-block-242623f5\"><div class=\"uagb-column__overlay\"><\/div>\n<p class=\"has-white-color has-text-color\" style=\"font-size:26px\"><strong>PDF Pilot Android | Your PDFs 100% offline<\/strong><\/p>\n<\/div>\n\n\n\n<div class=\"wp-block-uagb-column uagb-column__wrap uagb-column__background-image uagb-block-585336c1\"><div class=\"uagb-column__overlay\"><\/div>\n<figure class=\"wp-block-image aligncenter size-full is-resized\" id=\"https:\/\/apps.apple.com\/us\/app\/pdf-pilot\/id6759387735\"><img loading=\"lazy\" decoding=\"async\" width=\"1024\" height=\"1024\" src=\"https:\/\/vivereconsulting.com.br\/wp-content\/uploads\/2026\/02\/splash_image-1.png\" alt=\"\" class=\"wp-image-1168\" style=\"width:100px\" srcset=\"https:\/\/vivereconsulting.com.br\/wp-content\/uploads\/2026\/02\/splash_image-1.png 1024w, https:\/\/vivereconsulting.com.br\/wp-content\/uploads\/2026\/02\/splash_image-1-300x300.png 300w, https:\/\/vivereconsulting.com.br\/wp-content\/uploads\/2026\/02\/splash_image-1-150x150.png 150w, https:\/\/vivereconsulting.com.br\/wp-content\/uploads\/2026\/02\/splash_image-1-768x768.png 768w, https:\/\/vivereconsulting.com.br\/wp-content\/uploads\/2026\/02\/splash_image-1-12x12.png 12w\" sizes=\"auto, (max-width: 1024px) 100vw, 1024px\" \/><\/figure>\n<\/div>\n<\/div><\/section>\n\n\n\n<section class=\"wp-block-uagb-columns uagb-columns__wrap uagb-columns__background-color uagb-columns__stack-mobile uagb-columns__valign- uagb-columns__gap-10 align uagb-block-b4c57b68 uagb-columns__columns-1 uagb-columns__max_width-theme\"><div class=\"uagb-columns__overlay\"><\/div><div class=\"uagb-columns__inner-wrap uagb-columns__columns-1\">\n<div class=\"wp-block-uagb-column uagb-column__wrap uagb-column__background-undefined uagb-block-7b8400d2\"><div class=\"uagb-column__overlay\"><\/div><\/div>\n<\/div><\/section>\n\n\n\n<section class=\"wp-block-uagb-columns uagb-columns__wrap uagb-columns__background-color uagb-columns__stack-mobile uagb-columns__valign- uagb-columns__gap-10 align uagb-block-ad935472 uagb-columns__columns-4 uagb-columns__max_width-theme\"><div class=\"uagb-columns__overlay\"><\/div><div class=\"uagb-columns__inner-wrap uagb-columns__columns-4\">\n<div class=\"wp-block-uagb-column uagb-column__wrap uagb-column__background-none uagb-block-cc5d72f6\"><div class=\"uagb-column__overlay\"><\/div>\n<figure class=\"wp-block-image size-large\"><img loading=\"lazy\" decoding=\"async\" width=\"473\" height=\"1024\" src=\"https:\/\/vivereconsulting.com.br\/wp-content\/uploads\/2026\/02\/Simulator-Screenshot-iPhone-17-Pro-Max-2026-02-25-at-08.42.03-2-473x1024.png\" alt=\"\" class=\"wp-image-1156\" srcset=\"https:\/\/vivereconsulting.com.br\/wp-content\/uploads\/2026\/02\/Simulator-Screenshot-iPhone-17-Pro-Max-2026-02-25-at-08.42.03-2-473x1024.png 473w, https:\/\/vivereconsulting.com.br\/wp-content\/uploads\/2026\/02\/Simulator-Screenshot-iPhone-17-Pro-Max-2026-02-25-at-08.42.03-2-139x300.png 139w, https:\/\/vivereconsulting.com.br\/wp-content\/uploads\/2026\/02\/Simulator-Screenshot-iPhone-17-Pro-Max-2026-02-25-at-08.42.03-2-768x1662.png 768w, https:\/\/vivereconsulting.com.br\/wp-content\/uploads\/2026\/02\/Simulator-Screenshot-iPhone-17-Pro-Max-2026-02-25-at-08.42.03-2-710x1536.png 710w, https:\/\/vivereconsulting.com.br\/wp-content\/uploads\/2026\/02\/Simulator-Screenshot-iPhone-17-Pro-Max-2026-02-25-at-08.42.03-2-6x12.png 6w, https:\/\/vivereconsulting.com.br\/wp-content\/uploads\/2026\/02\/Simulator-Screenshot-iPhone-17-Pro-Max-2026-02-25-at-08.42.03-2.png 887w\" sizes=\"auto, (max-width: 473px) 100vw, 473px\" \/><\/figure>\n<\/div>\n\n\n\n<div class=\"wp-block-uagb-column uagb-column__wrap uagb-column__background-none uagb-block-0d0f36a0\"><div class=\"uagb-column__overlay\"><\/div>\n<figure class=\"wp-block-image size-large\"><img loading=\"lazy\" decoding=\"async\" width=\"473\" height=\"1024\" src=\"https:\/\/vivereconsulting.com.br\/wp-content\/uploads\/2026\/02\/Simulator-Screenshot-iPhone-17-Pro-2026-02-20-at-14.33.22-1-473x1024.png\" alt=\"\" class=\"wp-image-1155\" srcset=\"https:\/\/vivereconsulting.com.br\/wp-content\/uploads\/2026\/02\/Simulator-Screenshot-iPhone-17-Pro-2026-02-20-at-14.33.22-1-473x1024.png 473w, https:\/\/vivereconsulting.com.br\/wp-content\/uploads\/2026\/02\/Simulator-Screenshot-iPhone-17-Pro-2026-02-20-at-14.33.22-1-139x300.png 139w, https:\/\/vivereconsulting.com.br\/wp-content\/uploads\/2026\/02\/Simulator-Screenshot-iPhone-17-Pro-2026-02-20-at-14.33.22-1-768x1662.png 768w, https:\/\/vivereconsulting.com.br\/wp-content\/uploads\/2026\/02\/Simulator-Screenshot-iPhone-17-Pro-2026-02-20-at-14.33.22-1-710x1536.png 710w, https:\/\/vivereconsulting.com.br\/wp-content\/uploads\/2026\/02\/Simulator-Screenshot-iPhone-17-Pro-2026-02-20-at-14.33.22-1-6x12.png 6w, https:\/\/vivereconsulting.com.br\/wp-content\/uploads\/2026\/02\/Simulator-Screenshot-iPhone-17-Pro-2026-02-20-at-14.33.22-1.png 887w\" sizes=\"auto, (max-width: 473px) 100vw, 473px\" \/><\/figure>\n<\/div>\n\n\n\n<div class=\"wp-block-uagb-column uagb-column__wrap uagb-column__background-none uagb-block-781c656f\"><div class=\"uagb-column__overlay\"><\/div>\n<figure class=\"wp-block-gallery has-nested-images columns-default is-cropped wp-block-gallery-3 is-layout-flex wp-block-gallery-is-layout-flex\">\n<figure class=\"wp-block-image size-full\"><img loading=\"lazy\" decoding=\"async\" width=\"887\" height=\"1920\" data-id=\"1139\" src=\"https:\/\/vivereconsulting.com.br\/wp-content\/uploads\/2026\/02\/Simulator-Screenshot-iPhone-17-Pro-2026-02-20-at-15.05.14-1.png\" alt=\"\" class=\"wp-image-1139\" srcset=\"https:\/\/vivereconsulting.com.br\/wp-content\/uploads\/2026\/02\/Simulator-Screenshot-iPhone-17-Pro-2026-02-20-at-15.05.14-1.png 887w, https:\/\/vivereconsulting.com.br\/wp-content\/uploads\/2026\/02\/Simulator-Screenshot-iPhone-17-Pro-2026-02-20-at-15.05.14-1-139x300.png 139w, https:\/\/vivereconsulting.com.br\/wp-content\/uploads\/2026\/02\/Simulator-Screenshot-iPhone-17-Pro-2026-02-20-at-15.05.14-1-473x1024.png 473w, https:\/\/vivereconsulting.com.br\/wp-content\/uploads\/2026\/02\/Simulator-Screenshot-iPhone-17-Pro-2026-02-20-at-15.05.14-1-768x1662.png 768w, https:\/\/vivereconsulting.com.br\/wp-content\/uploads\/2026\/02\/Simulator-Screenshot-iPhone-17-Pro-2026-02-20-at-15.05.14-1-710x1536.png 710w, https:\/\/vivereconsulting.com.br\/wp-content\/uploads\/2026\/02\/Simulator-Screenshot-iPhone-17-Pro-2026-02-20-at-15.05.14-1-6x12.png 6w\" sizes=\"auto, (max-width: 887px) 100vw, 887px\" \/><\/figure>\n<\/figure>\n<\/div>\n\n\n\n<div class=\"wp-block-uagb-column uagb-column__wrap uagb-column__background-undefined uagb-block-c1fa0242\"><div class=\"uagb-column__overlay\"><\/div>\n<p class=\"has-text-align-justify has-white-color has-text-color has-mobile-text-align-justify\">PDF Pilot is the simplest and most efficient way to create PDFs directly on your device. Convert images into professional documents in seconds, with no ads, no hassle, and no uploading to the cloud. Everything happens locally, ensuring security and privacy.<\/p>\n<\/div>\n<\/div><\/section>\n\n\n\n<section class=\"wp-block-uagb-columns uagb-columns__wrap uagb-columns__background-color uagb-columns__stack-mobile uagb-columns__valign- uagb-columns__gap-10 align uagb-block-a103bbdf uagb-columns__columns-2 uagb-columns__max_width-theme\"><div class=\"uagb-columns__overlay\"><\/div><div class=\"uagb-columns__inner-wrap uagb-columns__columns-2\">\n<div class=\"wp-block-uagb-column uagb-column__wrap uagb-column__background-undefined uagb-block-803f9dd6\"><div class=\"uagb-column__overlay\"><\/div>\n<p class=\"has-white-color has-text-color\">\u2022 Convert images to PDF<br>\u2022 Convert PDF to images<br>\u2022 100% offline processing<br>\u2022 Fast and minimalist interface<br>\u2022 Professional quality<br>\u2022 No ads<\/p>\n<\/div>\n\n\n\n<div class=\"wp-block-uagb-column uagb-column__wrap uagb-column__background-image uagb-block-a70b3e5a\"><div class=\"uagb-column__overlay\"><\/div>\n<figure class=\"wp-block-image size-full\" id=\"https:\/\/apps.apple.com\/us\/app\/pdf-pilot\/id6759387735\"><a href=\"https:\/\/play.google.com\/store\/apps\/details?id=com.falanper.pdfpilot&amp;pli=1\"><img loading=\"lazy\" decoding=\"async\" width=\"646\" height=\"250\" src=\"https:\/\/vivereconsulting.com.br\/wp-content\/uploads\/2026\/02\/play_store.png\" alt=\"\" class=\"wp-image-1174\" srcset=\"https:\/\/vivereconsulting.com.br\/wp-content\/uploads\/2026\/02\/play_store.png 646w, https:\/\/vivereconsulting.com.br\/wp-content\/uploads\/2026\/02\/play_store-300x116.png 300w, https:\/\/vivereconsulting.com.br\/wp-content\/uploads\/2026\/02\/play_store-18x7.png 18w\" sizes=\"auto, (max-width: 646px) 100vw, 646px\" \/><\/a><\/figure>\n<\/div>\n<\/div><\/section>\n\n\n\n<div style=\"height:100px\" aria-hidden=\"true\" class=\"wp-block-spacer\"><\/div>\n\n\n\n<div style=\"height:100px\" aria-hidden=\"true\" class=\"wp-block-spacer\"><\/div>\n\n\n\n<div style=\"height:100px\" aria-hidden=\"true\" class=\"wp-block-spacer\"><\/div>\n\n\n\n<p><\/p>\n<\/div><\/section>\n\n\n\n<p><\/p>","protected":false},"excerpt":{"rendered":"","protected":false},"author":1,"featured_media":0,"parent":0,"menu_order":2,"comment_status":"closed","ping_status":"closed","template":"","meta":{"_editorskit_title_hidden":false,"_editorskit_reading_time":1,"_editorskit_is_block_options_detached":false,"_editorskit_block_options_position":"{}","_uag_custom_page_level_css":"","site-sidebar-layout":"no-sidebar","site-content-layout":"page-builder","ast-site-content-layout":"full-width-container","site-content-style":"unboxed","site-sidebar-style":"unboxed","ast-global-header-display":"","ast-banner-title-visibility":"","ast-main-header-display":"","ast-hfb-above-header-display":"","ast-hfb-below-header-display":"","ast-hfb-mobile-header-display":"","site-post-title":"disabled","ast-breadcrumbs-content":"","ast-featured-img":"","footer-sml-layout":"","ast-disable-related-posts":"","theme-transparent-header-meta":"enabled","adv-header-id-meta":"","stick-header-meta":"","header-above-stick-meta":"","header-main-stick-meta":"","header-below-stick-meta":"","astra-migrate-meta-layouts":"set","ast-page-background-enabled":"default","ast-page-background-meta":{"desktop":{"background-color":"","background-image":"","background-repeat":"repeat","background-position":"center center","background-size":"auto","background-attachment":"scroll","background-type":"","background-media":"","overlay-type":"","overlay-color":"","overlay-opacity":"","overlay-gradient":""},"tablet":{"background-color":"","background-image":"","background-repeat":"repeat","background-position":"center center","background-size":"auto","background-attachment":"scroll","background-type":"","background-media":"","overlay-type":"","overlay-color":"","overlay-opacity":"","overlay-gradient":""},"mobile":{"background-color":"","background-image":"","background-repeat":"repeat","background-position":"center center","background-size":"auto","background-attachment":"scroll","background-type":"","background-media":"","overlay-type":"","overlay-color":"","overlay-opacity":"","overlay-gradient":""}},"ast-content-background-meta":{"desktop":{"background-color":"var(--ast-global-color-5)","background-image":"","background-repeat":"repeat","background-position":"center center","background-size":"auto","background-attachment":"scroll","background-type":"","background-media":"","overlay-type":"","overlay-color":"","overlay-opacity":"","overlay-gradient":""},"tablet":{"background-color":"var(--ast-global-color-5)","background-image":"","background-repeat":"repeat","background-position":"center center","background-size":"auto","background-attachment":"scroll","background-type":"","background-media":"","overlay-type":"","overlay-color":"","overlay-opacity":"","overlay-gradient":""},"mobile":{"background-color":"var(--ast-global-color-5)","background-image":"","background-repeat":"repeat","background-position":"center center","background-size":"auto","background-attachment":"scroll","background-type":"","background-media":"","overlay-type":"","overlay-color":"","overlay-opacity":"","overlay-gradient":""}},"footnotes":""},"class_list":["post-54","page","type-page","status-publish","hentry"],"uagb_featured_image_src":{"full":false,"thumbnail":false,"medium":false,"medium_large":false,"large":false,"1536x1536":false,"2048x2048":false,"trp-custom-language-flag":false},"uagb_author_info":{"display_name":"fflpereira","author_link":"https:\/\/vivereconsulting.com.br\/pt\/author\/fflpereira\/"},"uagb_comment_info":0,"uagb_excerpt":null,"_links":{"self":[{"href":"https:\/\/vivereconsulting.com.br\/pt\/wp-json\/wp\/v2\/pages\/54","targetHints":{"allow":["GET"]}}],"collection":[{"href":"https:\/\/vivereconsulting.com.br\/pt\/wp-json\/wp\/v2\/pages"}],"about":[{"href":"https:\/\/vivereconsulting.com.br\/pt\/wp-json\/wp\/v2\/types\/page"}],"author":[{"embeddable":true,"href":"https:\/\/vivereconsulting.com.br\/pt\/wp-json\/wp\/v2\/users\/1"}],"replies":[{"embeddable":true,"href":"https:\/\/vivereconsulting.com.br\/pt\/wp-json\/wp\/v2\/comments?post=54"}],"version-history":[{"count":326,"href":"https:\/\/vivereconsulting.com.br\/pt\/wp-json\/wp\/v2\/pages\/54\/revisions"}],"predecessor-version":[{"id":1199,"href":"https:\/\/vivereconsulting.com.br\/pt\/wp-json\/wp\/v2\/pages\/54\/revisions\/1199"}],"wp:attachment":[{"href":"https:\/\/vivereconsulting.com.br\/pt\/wp-json\/wp\/v2\/media?parent=54"}],"curies":[{"name":"wp","href":"https:\/\/api.w.org\/{rel}","templated":true}]}}