{"id":6,"date":"2021-07-12T09:09:51","date_gmt":"2021-07-12T09:09:51","guid":{"rendered":"http:\/\/vivereconsulting.com.br\/?page_id=6"},"modified":"2025-03-26T14:14:00","modified_gmt":"2025-03-26T14:14:00","slug":"about","status":"publish","type":"page","link":"https:\/\/vivereconsulting.com.br\/pt\/about\/","title":{"rendered":"Sobre"},"content":{"rendered":"<section class=\"wp-block-uagb-section uagb-section__wrap uagb-section__background-image uagb-block-4df6bf4e\"><div class=\"uagb-section__overlay\"><\/div><div class=\"uagb-section__inner-wrap\">\n<section class=\"wp-block-uagb-columns uagb-columns__wrap uagb-columns__background-none uagb-columns__stack-mobile uagb-columns__valign- uagb-columns__gap-10 align uagb-block-4926643f uagb-columns__columns-2 uagb-columns__max_width-theme\"><div class=\"uagb-columns__overlay\"><\/div><div class=\"uagb-columns__inner-wrap uagb-columns__columns-2\">\n<div class=\"wp-block-uagb-column uagb-column__wrap uagb-column__background-undefined uagb-block-e27e75da\"><div class=\"uagb-column__overlay\"><\/div>\n<p class=\"has-ast-global-color-5-color has-text-color\">Nossa equipe de desenvolvedores de software experientes tem ampla experi\u00eancia na cria\u00e7\u00e3o de aplica\u00e7\u00f5es inovadoras para v\u00e1rios setores, incluindo:<\/p>\n\n\n\n<p class=\"has-ast-global-color-5-color has-text-color\">Banc\u00e1rio e financeiro | Vale refei\u00e7\u00e3o e benef\u00edcios laborais | Consumo e varejo | Automotivo | Muitos Outros<\/p>\n\n\n\n<p class=\"has-ast-global-color-5-color has-text-color\">Com um hist\u00f3rico comprovado de entrega de solu\u00e7\u00f5es de alta qualidade, nossa equipe desenvolveu uma compreens\u00e3o profunda dos desafios e oportunidades exclusivos de cada setor. N\u00f3s aproveitamos essa experi\u00eancia para projetar e desenvolver aplica\u00e7\u00f5es personalizadas que impulsionam o crescimento dos neg\u00f3cios, melhoram a efici\u00eancia e aprimoram as experi\u00eancias do cliente.<\/p>\n\n\n\n<p class=\"has-ast-global-color-5-color has-text-color\">Whether you&#8217;re looking to modernize legacy systems, create new digital products, or integrate existing solutions, our team is equipped to handle even the most complex projects. We pride ourselves on our collaborative approach, technical expertise, and commitment to delivering exceptional results.<\/p>\n<\/div>\n\n\n\n<div class=\"wp-block-uagb-column uagb-column__wrap uagb-column__background-none uagb-block-3444a10d\"><div class=\"uagb-column__overlay\"><\/div>\n<figure class=\"wp-block-image aligncenter size-full is-style-default\"><img loading=\"lazy\" decoding=\"async\" width=\"374\" height=\"292\" src=\"http:\/\/vivereconsulting.com.br\/wp-content\/uploads\/2021\/07\/cpt-1.png\" alt=\"\" class=\"wp-image-702\" srcset=\"https:\/\/vivereconsulting.com.br\/wp-content\/uploads\/2021\/07\/cpt-1.png 374w, https:\/\/vivereconsulting.com.br\/wp-content\/uploads\/2021\/07\/cpt-1-300x234.png 300w, https:\/\/vivereconsulting.com.br\/wp-content\/uploads\/2021\/07\/cpt-1-16x12.png 16w\" sizes=\"auto, (max-width: 374px) 100vw, 374px\" \/><\/figure>\n<\/div>\n<\/div><\/section>\n\n\n\n<p><\/p>\n<\/div><\/section>","protected":false},"excerpt":{"rendered":"","protected":false},"author":1,"featured_media":0,"parent":0,"menu_order":1,"comment_status":"closed","ping_status":"closed","template":"","meta":{"_editorskit_title_hidden":false,"_editorskit_reading_time":1,"_editorskit_is_block_options_detached":false,"_editorskit_block_options_position":"{}","_uag_custom_page_level_css":"","site-sidebar-layout":"no-sidebar","site-content-layout":"page-builder","ast-site-content-layout":"full-width-container","site-content-style":"unboxed","site-sidebar-style":"unboxed","ast-global-header-display":"","ast-banner-title-visibility":"","ast-main-header-display":"","ast-hfb-above-header-display":"","ast-hfb-below-header-display":"","ast-hfb-mobile-header-display":"","site-post-title":"disabled","ast-breadcrumbs-content":"","ast-featured-img":"","footer-sml-layout":"","ast-disable-related-posts":"","theme-transparent-header-meta":"enabled","adv-header-id-meta":"","stick-header-meta":"","header-above-stick-meta":"","header-main-stick-meta":"","header-below-stick-meta":"","astra-migrate-meta-layouts":"set","ast-page-background-enabled":"default","ast-page-background-meta":{"desktop":{"background-color":"","background-image":"","background-repeat":"repeat","background-position":"center center","background-size":"auto","background-attachment":"scroll","background-type":"","background-media":"","overlay-type":"","overlay-color":"","overlay-opacity":"","overlay-gradient":""},"tablet":{"background-color":"","background-image":"","background-repeat":"repeat","background-position":"center center","background-size":"auto","background-attachment":"scroll","background-type":"","background-media":"","overlay-type":"","overlay-color":"","overlay-opacity":"","overlay-gradient":""},"mobile":{"background-color":"","background-image":"","background-repeat":"repeat","background-position":"center center","background-size":"auto","background-attachment":"scroll","background-type":"","background-media":"","overlay-type":"","overlay-color":"","overlay-opacity":"","overlay-gradient":""}},"ast-content-background-meta":{"desktop":{"background-color":"var(--ast-global-color-5)","background-image":"","background-repeat":"repeat","background-position":"center center","background-size":"auto","background-attachment":"scroll","background-type":"","background-media":"","overlay-type":"","overlay-color":"","overlay-opacity":"","overlay-gradient":""},"tablet":{"background-color":"var(--ast-global-color-5)","background-image":"","background-repeat":"repeat","background-position":"center center","background-size":"auto","background-attachment":"scroll","background-type":"","background-media":"","overlay-type":"","overlay-color":"","overlay-opacity":"","overlay-gradient":""},"mobile":{"background-color":"var(--ast-global-color-5)","background-image":"","background-repeat":"repeat","background-position":"center center","background-size":"auto","background-attachment":"scroll","background-type":"","background-media":"","overlay-type":"","overlay-color":"","overlay-opacity":"","overlay-gradient":""}},"footnotes":""},"class_list":["post-6","page","type-page","status-publish","hentry"],"uagb_featured_image_src":{"full":false,"thumbnail":false,"medium":false,"medium_large":false,"large":false,"1536x1536":false,"2048x2048":false,"trp-custom-language-flag":false},"uagb_author_info":{"display_name":"fflpereira","author_link":"https:\/\/vivereconsulting.com.br\/pt\/author\/fflpereira\/"},"uagb_comment_info":0,"uagb_excerpt":null,"_links":{"self":[{"href":"https:\/\/vivereconsulting.com.br\/pt\/wp-json\/wp\/v2\/pages\/6","targetHints":{"allow":["GET"]}}],"collection":[{"href":"https:\/\/vivereconsulting.com.br\/pt\/wp-json\/wp\/v2\/pages"}],"about":[{"href":"https:\/\/vivereconsulting.com.br\/pt\/wp-json\/wp\/v2\/types\/page"}],"author":[{"embeddable":true,"href":"https:\/\/vivereconsulting.com.br\/pt\/wp-json\/wp\/v2\/users\/1"}],"replies":[{"embeddable":true,"href":"https:\/\/vivereconsulting.com.br\/pt\/wp-json\/wp\/v2\/comments?post=6"}],"version-history":[{"count":68,"href":"https:\/\/vivereconsulting.com.br\/pt\/wp-json\/wp\/v2\/pages\/6\/revisions"}],"predecessor-version":[{"id":1100,"href":"https:\/\/vivereconsulting.com.br\/pt\/wp-json\/wp\/v2\/pages\/6\/revisions\/1100"}],"wp:attachment":[{"href":"https:\/\/vivereconsulting.com.br\/pt\/wp-json\/wp\/v2\/media?parent=6"}],"curies":[{"name":"wp","href":"https:\/\/api.w.org\/{rel}","templated":true}]}}